{"id":5099,"date":"2016-02-11T15:40:00","date_gmt":"2016-02-11T14:40:00","guid":{"rendered":"https:\/\/www.didatticagenzialighieri.it\/area-e-learning\/"},"modified":"2025-11-07T17:16:04","modified_gmt":"2025-11-07T16:16:04","slug":"area-e-learning","status":"publish","type":"page","link":"https:\/\/www.didatticagenzialighieri.it\/es\/area-de-aprendizaje-electronico\/","title":{"rendered":"\u00c1rea de aprendizaje electr\u00f3nico"},"content":{"rendered":"<!-- [element-5101] --><style>.gspb_container-id-gsbp-673dd1b{flex-direction:column;box-sizing:border-box}#gspb_container-id-gsbp-673dd1b.gspb_container>p:last-of-type{margin-bottom:0}#gspb_container-id-gsbp-673dd1b.gspb_container{position:relative;height:120px}<\/style>\n<div class=\"wp-block-greenshift-blocks-container gspb_container gspb_container-gsbp-673dd1b\" id=\"gspb_container-id-gsbp-673dd1b\"><\/div>\n\n\n<style>#gspb_row-id-gsbp-238365a{justify-content:space-between;margin-top:0px;margin-bottom:0px;display:flex;flex-wrap:wrap;}#gspb_row-id-gsbp-238365a > .gspb_row__content{display:flex;justify-content:space-between;margin:0 auto;width:100%;flex-wrap:wrap;}.gspb_row{position:relative;}div[id^=gspb_col-id]{box-sizing:border-box;position:relative;}div[id^=gspb_col-id]{padding:var(--gs-row-column-padding,15px min(3vw,20px));}body.gspb-bodyfront #gspb_row-id-gsbp-238365a > .gspb_row__content{max-width:var(--global-content-width,1200px);}<\/style>\n<div class=\"wp-block-greenshift-blocks-row gspb_row gspb_row-id-gsbp-238365a\" id=\"gspb_row-id-gsbp-238365a\"><div class=\"gspb_row__content\"> <style>#gspb_col-id-gsbp-6fc33a5.gspb_row__col--12{width:100%;}@media (max-width:575.98px){#gspb_col-id-gsbp-6fc33a5.gspb_row__col--12{width:100%;}}<\/style>\n<div class=\"wp-block-greenshift-blocks-row-column gspb_row__col--12 gspb_col-id-gsbp-6fc33a5\" id=\"gspb_col-id-gsbp-6fc33a5\"><style>#gspb_heading-id-gsbp-a92f241{transition-duration:0.8s;}#gspb_heading-id-gsbp-a92f241{transition-timing-function:var(--gs-root-animation-easing,cubic-bezier(0.42,0,0.58,1));}#gspb_heading-id-gsbp-a92f241{opacity:var(--gs-root-animation-opacity,0);transition-property:opacity,transform,filter;}#gspb_heading-id-gsbp-a92f241.aos-animate,#gspb_heading-id-gsbp-a92f241[data-gs-aos]{opacity:1;transform:translateZ(0);}#gspb_heading-id-gsbp-a92f241{transform:var(--gs-root-animation-transform,translate3d(0,calc(max(50px,15%)),0));}#gspb_heading-id-gsbp-a92f241,#gspb_heading-id-gsbp-a92f241 .gsap-g-line{text-align:center!important;}<\/style>\n<h1 id=\"gspb_heading-id-gsbp-a92f241\" class=\"h2 gspb_heading gspb_heading-id-gsbp-a92f241 \" data-aos=\"fade-up\" data-aos-easing=\"ease\" data-aos-duration=\"800\" data-aos-once=\"true\">Esta zona est\u00e1 reservada exclusivamente\u00a0 <strong>para estudiantes.<\/strong><\/h1>\n<\/div>\n <\/div><\/div>\n\n\n<style>#gspb_row-id-gsbp-66e5055{justify-content:space-between;margin-top:0px;margin-bottom:0px;display:flex;flex-wrap:wrap;}#gspb_row-id-gsbp-66e5055 > .gspb_row__content{display:flex;justify-content:space-between;margin:0 auto;width:100%;flex-wrap:wrap;}.gspb_row{position:relative;}div[id^=gspb_col-id]{box-sizing:border-box;position:relative;}div[id^=gspb_col-id]{padding:var(--gs-row-column-padding,15px min(3vw,20px));}#gspb_row-id-gsbp-66e5055 > .gspb_row__content{max-width:1200px;}<\/style>\n<div class=\"wp-block-greenshift-blocks-row gspb_row gspb_row-id-gsbp-66e5055\" id=\"gspb_row-id-gsbp-66e5055\"><div class=\"gspb_row__content\"> <style>#gspb_col-id-gsbp-e5d0626.gspb_row__col--6{width:50%;}@media (max-width:575.98px){#gspb_col-id-gsbp-e5d0626.gspb_row__col--6{width:100%;}}<\/style>\n<div class=\"wp-block-greenshift-blocks-row-column gspb_row__col--6 gspb_col-id-gsbp-e5d0626\" id=\"gspb_col-id-gsbp-e5d0626\"><style>.gspb_container-id-gsbp-cb71f03{flex-direction:column;box-sizing:border-box;}#gspb_container-id-gsbp-cb71f03.gspb_container > p:last-of-type{margin-bottom:0}#gspb_container-id-gsbp-cb71f03.gspb_container{position:relative;}#gspb_container-id-gsbp-cb71f03.gspb_container{display:flex;flex-direction:column;justify-content:space-between;align-items:center;row-gap:2rem;}#gspb_container-id-gsbp-cb71f03.gspb_container{padding-top:2rem;padding-right:2rem;padding-bottom:2rem;padding-left:2rem;}#gspb_container-id-gsbp-cb71f03.gspb_container{background-color:var(--wp--preset--color--theme-palette9,var(--global-palette9));}#gspb_container-id-gsbp-cb71f03.gspb_container{transition-duration:0.8s;}#gspb_container-id-gsbp-cb71f03.gspb_container{transition-timing-function:var(--gs-root-animation-easing,cubic-bezier(0.42,0,0.58,1));}#gspb_container-id-gsbp-cb71f03.gspb_container{transition-delay:0s;}#gspb_container-id-gsbp-cb71f03.gspb_container.aos-animate,#gspb_container-id-gsbp-cb71f03.gspb_container[data-gs-aos]{transition-delay:0.05s;--gs-root-animation-delay:0.05s;}#gspb_container-id-gsbp-cb71f03.gspb_container{opacity:var(--gs-root-animation-opacity,0);transition-property:opacity,transform,filter;}#gspb_container-id-gsbp-cb71f03.gspb_container.aos-animate,#gspb_container-id-gsbp-cb71f03.gspb_container[data-gs-aos]{opacity:1;transform:translateZ(0);}#gspb_container-id-gsbp-cb71f03.gspb_container{transform:var(--gs-root-animation-transform,translate3d(0,calc(max(50px,15%)),0));}body.gspb-bodyfront #gspb_container-id-gsbp-cb71f03.gspb_container{height:100%;min-height:350px;}@media (max-width:767.98px){body.gspb-bodyfront #gspb_container-id-gsbp-cb71f03.gspb_container{min-height:auto;}}<\/style>\n<div class=\"wp-block-greenshift-blocks-container gspb_container gspb_container-gsbp-cb71f03 radius-40\" id=\"gspb_container-id-gsbp-cb71f03\" data-aos=\"fade-up\" data-aos-delay=\"50\" data-aos-easing=\"ease\" data-aos-duration=\"800\" data-aos-once=\"true\"><style>#gspb_iconBox-id-gsbp-82e6b35 svg{width:72px;}#gspb_iconBox-id-gsbp-82e6b35{justify-content:center;display:flex;}#gspb_iconBox-id-gsbp-82e6b35 svg{height:3rem!important;width:3rem!important;min-width:3rem!important;}#gspb_iconBox-id-gsbp-82e6b35 svg,#gspb_iconBox-id-gsbp-82e6b35 svg path{fill:var(--wp--preset--color--theme-palette1,var(--global-palette1)) !important;}#gspb_iconBox-id-gsbp-82e6b35 svg{margin:0px !important;}#gspb_iconBox-id-gsbp-82e6b35 svg:hover,#gspb_iconBox-id-gsbp-82e6b35 svg:hover path{fill:var(--wp--preset--color--theme-palette1,var(--global-palette1)) !important;}#gspb_iconBox-id-gsbp-82e6b35 .gspb_iconBox__wrapper:hover svg,#gspb_iconBox-id-gsbp-82e6b35 .gspb_iconBox__wrapper:hover svg path{fill:var(--wp--preset--color--theme-palette1,var(--global-palette1)) !important;}#gspb_iconBox-id-gsbp-82e6b35 .gspb_iconBox__wrapper{background-color:var(--wp--preset--color--theme-palette8,var(--global-palette8));}#gspb_iconBox-id-gsbp-82e6b35 .gspb_iconBox__wrapper{border-radius:50%}#gspb_iconBox-id-gsbp-82e6b35 .gspb_iconBox__wrapper{padding-top:0.75rem;padding-right:0.75rem;padding-bottom:0.75rem;padding-left:0.75rem;}<\/style>\n<div class=\"wp-block-greenshift-blocks-iconbox gspb_iconBox gspb_iconBox-id-gsbp-82e6b35\" id=\"gspb_iconBox-id-gsbp-82e6b35\"><div class=\"gspb_iconBox__wrapper\" style=\"display:inline-flex\"><svg class=\"\" style=\"display:inline-block;vertical-align:middle\" width=\"72\" height=\"72\" viewBox=\"0 0 1152 1024\" xmlns=\"http:\/\/www.w3.org\/2000\/svg\"><path style=\"fill:#565D66\" d=\"M1140.48 494.82l-116.48-95.78v-191.040c0-8.837-7.163-16-16-16v0h-64c-8.71 0.055-15.766 7.062-15.9 15.747l-0 0.013v112.44l-280.36-230.2c-19.291-16.149-44.37-25.956-71.74-25.956s-52.45 9.807-71.916 26.099l0.176-0.143-492.74 404.82c-7.027 5.91-11.462 14.707-11.462 24.54 0 7.841 2.82 15.024 7.502 20.589l-0.040-0.049 20.48 24.6c5.91 7.022 14.703 11.452 24.532 11.452 7.836 0 15.014-2.817 20.577-7.493l-0.049 0.040 54.94-45.12v372.62c0.102 35.305 28.695 63.898 63.99 64l0.010 0h256c35.305-0.102 63.898-28.695 64-63.99l0-0.010v-208h128v208c0.102 35.305 28.695 63.898 63.99 64l0.010 0h256c35.147-0.077 63.65-28.412 64-63.487l0-0.033v-373.14l55.060 45.24c5.514 4.636 12.692 7.452 20.528 7.452 9.828 0 18.622-4.431 24.492-11.404l0.040-0.049 20.46-24.58c4.647-5.518 7.471-12.704 7.471-20.55 0-9.882-4.48-18.718-11.519-24.588l-0.051-0.042zM927.7 864h-191.7v-208c-0.102-35.305-28.695-63.898-63.99-64l-0.010-0h-192c-35.305 0.102-63.898 28.695-64 63.99l-0 0.010v208h-192v-419.46l352-289.24 352 289.12z\"><\/path><\/svg><\/div><\/div>\n\n\n<style>.gspb_text-id-gsbp-de0359c{font-size:1.25rem;}.gspb_text-id-gsbp-de0359c,.gspb_text-id-gsbp-de0359c .gsap-g-line{text-align:center!important;}<\/style>\n<div id=\"gspb_text-id-gsbp-de0359c\" class=\"gspb_text gspb_text-id-gsbp-de0359c \">Si abri\u00f3 esta p\u00e1gina por error, regrese a la p\u00e1gina de inicio para reiniciar su b\u00fasqueda.<br><a href=\"https:\/\/www-didatticagenzialighieri-it.translate.goog\/?_x_tr_sl=it&amp;_x_tr_tl=es&amp;_x_tr_hl=it\"><\/a><\/div>\n\n\n<style>#gspb_button-id-gsbp-fd79014{display:flex;justify-content:flex-start;}#gspb_button-id-gsbp-fd79014 .gspb-buttonbox-text{display:flex;flex-direction:column;}#gspb_button-id-gsbp-fd79014 > .gspb-buttonbox{box-sizing:border-box}#gspb_button-id-gsbp-fd79014{justify-content:center;}<\/style>\n<div class=\"gspb_button_wrapper gspb_button-id-gsbp-fd79014\" id=\"gspb_button-id-gsbp-fd79014\"><a class=\"wp-block-greenshift-blocks-buttonbox gspb-buttonbox wp-element-button  button button-primario\" href=\"https:\/\/www.didatticagenzialighieri.it\/es\/\" rel=\"noopener\"><span class=\"gspb-buttonbox-textwrap\"><span class=\"gspb-buttonbox-text\"><span class=\"gspb-buttonbox-title\">Volver a la p\u00e1gina de inicio<\/span><\/span><\/span><\/a><\/div>\n<\/div>\n<\/div>\n\n\n<style>#gspb_col-id-gsbp-4991fa5.gspb_row__col--6{width:50%;}@media (max-width:575.98px){#gspb_col-id-gsbp-4991fa5.gspb_row__col--6{width:100%;}}<\/style>\n<div class=\"wp-block-greenshift-blocks-row-column gspb_row__col--6 gspb_col-id-gsbp-4991fa5\" id=\"gspb_col-id-gsbp-4991fa5\"><style>.gspb_container-id-gsbp-2c0e1c8{flex-direction:column;box-sizing:border-box;}#gspb_container-id-gsbp-2c0e1c8.gspb_container > p:last-of-type{margin-bottom:0}#gspb_container-id-gsbp-2c0e1c8.gspb_container{position:relative;}#gspb_container-id-gsbp-2c0e1c8.gspb_container{display:flex;flex-direction:column;justify-content:space-between;align-items:center;row-gap:2rem;}#gspb_container-id-gsbp-2c0e1c8.gspb_container{padding-top:2rem;padding-right:2rem;padding-bottom:2rem;padding-left:2rem;}#gspb_container-id-gsbp-2c0e1c8.gspb_container{background-color:var(--wp--preset--color--theme-palette9,var(--global-palette9));}#gspb_container-id-gsbp-2c0e1c8.gspb_container{transition-duration:0.8s;}#gspb_container-id-gsbp-2c0e1c8.gspb_container{transition-timing-function:var(--gs-root-animation-easing,cubic-bezier(0.42,0,0.58,1));}#gspb_container-id-gsbp-2c0e1c8.gspb_container{transition-delay:0s;}#gspb_container-id-gsbp-2c0e1c8.gspb_container.aos-animate,#gspb_container-id-gsbp-2c0e1c8.gspb_container[data-gs-aos]{transition-delay:0.1s;--gs-root-animation-delay:0.1s;}#gspb_container-id-gsbp-2c0e1c8.gspb_container{opacity:var(--gs-root-animation-opacity,0);transition-property:opacity,transform,filter;}#gspb_container-id-gsbp-2c0e1c8.gspb_container.aos-animate,#gspb_container-id-gsbp-2c0e1c8.gspb_container[data-gs-aos]{opacity:1;transform:translateZ(0);}#gspb_container-id-gsbp-2c0e1c8.gspb_container{transform:var(--gs-root-animation-transform,translate3d(0,calc(max(50px,15%)),0));}body.gspb-bodyfront #gspb_container-id-gsbp-2c0e1c8.gspb_container{height:100%;min-height:350px;}@media (max-width:767.98px){body.gspb-bodyfront #gspb_container-id-gsbp-2c0e1c8.gspb_container{min-height:auto;}}<\/style>\n<div class=\"wp-block-greenshift-blocks-container gspb_container gspb_container-gsbp-2c0e1c8 radius-40\" id=\"gspb_container-id-gsbp-2c0e1c8\" data-aos=\"fade-up\" data-aos-delay=\"100\" data-aos-easing=\"ease\" data-aos-duration=\"800\" data-aos-once=\"true\"><style>#gspb_iconBox-id-gsbp-a0ba526 svg{width:72px;}#gspb_iconBox-id-gsbp-a0ba526{justify-content:center;display:flex;}#gspb_iconBox-id-gsbp-a0ba526 svg{height:3rem!important;width:3rem!important;min-width:3rem!important;}#gspb_iconBox-id-gsbp-a0ba526 svg,#gspb_iconBox-id-gsbp-a0ba526 svg path{fill:var(--wp--preset--color--theme-palette1,var(--global-palette1)) !important;}#gspb_iconBox-id-gsbp-a0ba526 svg{margin:0px !important;}#gspb_iconBox-id-gsbp-a0ba526 svg:hover,#gspb_iconBox-id-gsbp-a0ba526 svg:hover path{fill:var(--wp--preset--color--theme-palette1,var(--global-palette1)) !important;}#gspb_iconBox-id-gsbp-a0ba526 .gspb_iconBox__wrapper:hover svg,#gspb_iconBox-id-gsbp-a0ba526 .gspb_iconBox__wrapper:hover svg path{fill:var(--wp--preset--color--theme-palette1,var(--global-palette1)) !important;}#gspb_iconBox-id-gsbp-a0ba526 .gspb_iconBox__wrapper{background-color:var(--wp--preset--color--theme-palette8,var(--global-palette8));}#gspb_iconBox-id-gsbp-a0ba526 .gspb_iconBox__wrapper{border-radius:50%}#gspb_iconBox-id-gsbp-a0ba526 .gspb_iconBox__wrapper{padding-top:0.75rem;padding-right:0.75rem;padding-bottom:0.75rem;padding-left:0.75rem;}<\/style>\n<div class=\"wp-block-greenshift-blocks-iconbox gspb_iconBox gspb_iconBox-id-gsbp-a0ba526\" id=\"gspb_iconBox-id-gsbp-a0ba526\"><div class=\"gspb_iconBox__wrapper\" style=\"display:inline-flex\"><svg class=\"\" style=\"display:inline-block;vertical-align:middle\" width=\"72\" height=\"72\" viewBox=\"0 0 1024 1024\" xmlns=\"http:\/\/www.w3.org\/2000\/svg\"><path style=\"fill:#565D66\" d=\"M512 1008c274 0 496-222 496-496s-222-496-496-496-496 222-496 496 222 496 496 496zM80 512c0-237.4 192.2-432 432-432 237.4 0 432 192.2 432 432 0 237.4-192.2 432-432 432-237.4 0-432-192.2-432-432zM743.4 476l-352-214c-31.6-17.6-71.4 5-71.4 42v416c0 36.8 39.6 59.6 71.4 42l352-202c32.8-18.2 32.8-65.6 0-84zM384 671.6v-317.8c0-9.4 10.2-15.2 18.2-10.2l269 163.4c7.8 4.8 7.6 16.2-0.2 20.6l-269 154.4c-8 4.6-18-1.2-18-10.4z\"><\/path><\/svg><\/div><\/div>\n\n\n<style>.gspb_text-id-gsbp-2931401{font-size:1.25rem;}.gspb_text-id-gsbp-2931401,.gspb_text-id-gsbp-2931401 .gsap-g-line{text-align:center!important;}.gspb_text-id-gsbp-2931401{margin-top:0px!important;margin-bottom:0px!important;}<\/style>\n<div id=\"gspb_text-id-gsbp-2931401\" class=\"gspb_text gspb_text-id-gsbp-2931401 \"><strong><strong>ATENCI\u00d3N<\/strong><\/strong><br>Para acceder a la plataforma de estudio, haga clic en el siguiente enlace:<br><a href=\"https:\/\/translate.google.com\/website?sl=it&amp;tl=es&amp;hl=it&amp;u=https:\/\/e-learningalighieri.it\/moodle\/login\/\" target=\"_blank\" rel=\"noreferrer noopener\"><\/a><\/div>\n\n\n<style>#gspb_button-id-gsbp-3930d18{display:flex;justify-content:flex-start;}#gspb_button-id-gsbp-3930d18 .gspb-buttonbox-text{display:flex;flex-direction:column;}#gspb_button-id-gsbp-3930d18 > .gspb-buttonbox{box-sizing:border-box}#gspb_button-id-gsbp-3930d18{justify-content:center;}#gspb_button-id-gsbp-3930d18 > .gspb-buttonbox,#gspb_button-id-gsbp-3930d18 > .gspb-buttonbox .gsap-g-line{text-align:center!important;}@media (max-width:767.98px){#gspb_button-id-gsbp-3930d18 > .gspb-buttonbox,#gspb_button-id-gsbp-3930d18 > .gspb-buttonbox .gsap-g-line{text-align:center!important;}}@media (max-width:575.98px){#gspb_button-id-gsbp-3930d18 > .gspb-buttonbox,#gspb_button-id-gsbp-3930d18 > .gspb-buttonbox .gsap-g-line{text-align:center!important;}}<\/style>\n<div class=\"gspb_button_wrapper gspb_button-id-gsbp-3930d18\" id=\"gspb_button-id-gsbp-3930d18\"><a class=\"wp-block-greenshift-blocks-buttonbox gspb-buttonbox wp-element-button  button button-primario\" href=\"http:\/\/didatticagenzialighieri.academy\/es\/\" target=\"_blank\" rel=\"noopener\"><span class=\"gspb-buttonbox-textwrap\"><span class=\"gspb-buttonbox-text\"><span class=\"gspb-buttonbox-title\">Acceda a la plataforma de estudio<\/span><\/span><\/span><\/a><\/div>\n<\/div>\n<\/div>\n <\/div><\/div>\n\n\n<style><\/style>\n<div style=\"height:5vw\" aria-hidden=\"true\" class=\"wp-block-spacer\"><\/div>\n<!-- [\/element-5101] -->","protected":false},"excerpt":{"rendered":"","protected":false},"author":3,"featured_media":0,"parent":0,"menu_order":0,"comment_status":"closed","ping_status":"closed","template":"","meta":{"_acf_changed":false,"_gspb_post_css":"","content-type":"","_kad_post_transparent":"default","_kad_post_title":"default","_kad_post_layout":"default","_kad_post_sidebar_id":"","_kad_post_content_style":"default","_kad_post_vertical_padding":"default","_kad_post_feature":"","_kad_post_feature_position":"","_kad_post_header":false,"_kad_post_footer":false,"_kad_post_classname":"","footnotes":""},"class_list":["post-5099","page","type-page","status-publish","hentry"],"acf":[],"yoast_head":"<!-- This site is optimized with the Yoast SEO plugin v27.4 - https:\/\/yoast.com\/product\/yoast-seo-wordpress\/ -->\n<title>\u00c1rea de aprendizaje electr\u00f3nico - Agenzia Formativa Dante Alighieri<\/title>\n<meta name=\"robots\" content=\"index, follow, max-snippet:-1, max-image-preview:large, max-video-preview:-1\" \/>\n<link rel=\"canonical\" href=\"https:\/\/www.didatticagenzialighieri.it\/es\/area-de-aprendizaje-electronico\/\" \/>\n<meta property=\"og:locale\" content=\"es_ES\" \/>\n<meta property=\"og:type\" content=\"article\" \/>\n<meta property=\"og:title\" content=\"\u00c1rea de aprendizaje electr\u00f3nico - Agenzia Formativa Dante Alighieri\" \/>\n<meta property=\"og:url\" content=\"https:\/\/www.didatticagenzialighieri.it\/es\/area-de-aprendizaje-electronico\/\" \/>\n<meta property=\"og:site_name\" content=\"Agenzia Formativa Dante Alighieri\" \/>\n<meta property=\"article:modified_time\" content=\"2025-11-07T16:16:04+00:00\" \/>\n<meta name=\"twitter:card\" content=\"summary_large_image\" \/>\n<!-- \/ Yoast SEO plugin. -->","yoast_head_json":{"title":"\u00c1rea de aprendizaje electr\u00f3nico - Agenzia Formativa Dante Alighieri","robots":{"index":"index","follow":"follow","max-snippet":"max-snippet:-1","max-image-preview":"max-image-preview:large","max-video-preview":"max-video-preview:-1"},"canonical":"https:\/\/www.didatticagenzialighieri.it\/es\/area-de-aprendizaje-electronico\/","og_locale":"es_ES","og_type":"article","og_title":"\u00c1rea de aprendizaje electr\u00f3nico - Agenzia Formativa Dante Alighieri","og_url":"https:\/\/www.didatticagenzialighieri.it\/es\/area-de-aprendizaje-electronico\/","og_site_name":"Agenzia Formativa Dante Alighieri","article_modified_time":"2025-11-07T16:16:04+00:00","twitter_card":"summary_large_image","schema":{"@context":"https:\/\/schema.org","@graph":[{"@type":"WebPage","@id":"https:\/\/www.didatticagenzialighieri.it\/es\/area-de-aprendizaje-electronico\/","url":"https:\/\/www.didatticagenzialighieri.it\/es\/area-de-aprendizaje-electronico\/","name":"\u00c1rea de aprendizaje electr\u00f3nico - Agenzia Formativa Dante Alighieri","isPartOf":{"@id":"https:\/\/www.didatticagenzialighieri.it\/es\/#website"},"datePublished":"2016-02-11T14:40:00+00:00","dateModified":"2025-11-07T16:16:04+00:00","breadcrumb":{"@id":"https:\/\/www.didatticagenzialighieri.it\/es\/area-de-aprendizaje-electronico\/#breadcrumb"},"inLanguage":"es","potentialAction":[{"@type":"ReadAction","target":["https:\/\/www.didatticagenzialighieri.it\/es\/area-de-aprendizaje-electronico\/"]}]},{"@type":"BreadcrumbList","@id":"https:\/\/www.didatticagenzialighieri.it\/es\/area-de-aprendizaje-electronico\/#breadcrumb","itemListElement":[{"@type":"ListItem","position":1,"name":"Home","item":"https:\/\/www.didatticagenzialighieri.it\/es\/"},{"@type":"ListItem","position":2,"name":"\u00c1rea de aprendizaje electr\u00f3nico"}]},{"@type":"WebSite","@id":"https:\/\/www.didatticagenzialighieri.it\/es\/#website","url":"https:\/\/www.didatticagenzialighieri.it\/es\/","name":"Didattica Agenzia Alighieri","description":"Corsi di Formazione Professionale","publisher":{"@id":"https:\/\/www.didatticagenzialighieri.it\/es\/#organization"},"potentialAction":[{"@type":"SearchAction","target":{"@type":"EntryPoint","urlTemplate":"https:\/\/www.didatticagenzialighieri.it\/es\/?s={search_term_string}"},"query-input":{"@type":"PropertyValueSpecification","valueRequired":true,"valueName":"search_term_string"}}],"inLanguage":"es"},{"@type":"Organization","@id":"https:\/\/www.didatticagenzialighieri.it\/es\/#organization","name":"Didattica Agenzia Alighieri","url":"https:\/\/www.didatticagenzialighieri.it\/es\/","logo":{"@type":"ImageObject","inLanguage":"es","@id":"https:\/\/www.didatticagenzialighieri.it\/es\/#\/schema\/logo\/image\/","url":"https:\/\/www.didatticagenzialighieri.it\/wp-content\/uploads\/2025\/06\/Logo-Dante-Alighieri.png","contentUrl":"https:\/\/www.didatticagenzialighieri.it\/wp-content\/uploads\/2025\/06\/Logo-Dante-Alighieri.png","width":1772,"height":1127,"caption":"Didattica Agenzia Alighieri"},"image":{"@id":"https:\/\/www.didatticagenzialighieri.it\/es\/#\/schema\/logo\/image\/"}}]}},"_links":{"self":[{"href":"https:\/\/www.didatticagenzialighieri.it\/es\/wp-json\/wp\/v2\/pages\/5099","targetHints":{"allow":["GET"]}}],"collection":[{"href":"https:\/\/www.didatticagenzialighieri.it\/es\/wp-json\/wp\/v2\/pages"}],"about":[{"href":"https:\/\/www.didatticagenzialighieri.it\/es\/wp-json\/wp\/v2\/types\/page"}],"author":[{"embeddable":true,"href":"https:\/\/www.didatticagenzialighieri.it\/es\/wp-json\/wp\/v2\/users\/3"}],"replies":[{"embeddable":true,"href":"https:\/\/www.didatticagenzialighieri.it\/es\/wp-json\/wp\/v2\/comments?post=5099"}],"version-history":[{"count":2,"href":"https:\/\/www.didatticagenzialighieri.it\/es\/wp-json\/wp\/v2\/pages\/5099\/revisions"}],"predecessor-version":[{"id":5112,"href":"https:\/\/www.didatticagenzialighieri.it\/es\/wp-json\/wp\/v2\/pages\/5099\/revisions\/5112"}],"wp:attachment":[{"href":"https:\/\/www.didatticagenzialighieri.it\/es\/wp-json\/wp\/v2\/media?parent=5099"}],"curies":[{"name":"wp","href":"https:\/\/api.w.org\/{rel}","templated":true}]}}