{"id":4410,"date":"2015-06-17T11:28:30","date_gmt":"2015-06-17T09:28:30","guid":{"rendered":"https:\/\/www.didatticagenzialighieri.it\/sedes\/"},"modified":"2025-11-05T16:06:04","modified_gmt":"2025-11-05T15:06:04","slug":"sedes","status":"publish","type":"page","link":"https:\/\/www.didatticagenzialighieri.it\/es\/ubicaciones\/","title":{"rendered":"Ubicaciones"},"content":{"rendered":"","protected":false},"excerpt":{"rendered":"","protected":false},"author":3,"featured_media":4411,"parent":0,"menu_order":0,"comment_status":"closed","ping_status":"closed","template":"sedi.php","meta":{"_acf_changed":false,"_gspb_post_css":"","content-type":"","_kad_post_transparent":"default","_kad_post_title":"default","_kad_post_layout":"default","_kad_post_sidebar_id":"","_kad_post_content_style":"default","_kad_post_vertical_padding":"default","_kad_post_feature":"","_kad_post_feature_position":"","_kad_post_header":false,"_kad_post_footer":false,"_kad_post_classname":"","footnotes":""},"class_list":["post-4410","page","type-page","status-publish","has-post-thumbnail","hentry"],"acf":[],"yoast_head":"<!-- This site is optimized with the Yoast SEO plugin v27.4 - https:\/\/yoast.com\/product\/yoast-seo-wordpress\/ -->\n<title>Las Sedes de Nuestros Cursos - Agencia Formativa Dante Alighieri<\/title>\n<meta name=\"description\" content=\"Nuestras sedes est\u00e1n presentes en todo el territorio italiano con m\u00e1s de 20 asesores educativos como referentes de zona\" \/>\n<meta name=\"robots\" content=\"index, follow, max-snippet:-1, max-image-preview:large, max-video-preview:-1\" \/>\n<link rel=\"canonical\" href=\"https:\/\/www.didatticagenzialighieri.it\/es\/ubicaciones\/\" \/>\n<meta property=\"og:locale\" content=\"es_ES\" \/>\n<meta property=\"og:type\" content=\"article\" \/>\n<meta property=\"og:title\" content=\"Las Sedes de Nuestros Cursos - Agencia Formativa Dante Alighieri\" \/>\n<meta property=\"og:description\" content=\"Nuestras sedes est\u00e1n presentes en todo el territorio italiano con m\u00e1s de 20 asesores educativos como referentes de zona\" \/>\n<meta property=\"og:url\" content=\"https:\/\/www.didatticagenzialighieri.it\/es\/ubicaciones\/\" \/>\n<meta property=\"og:site_name\" content=\"Agenzia Formativa Dante Alighieri\" \/>\n<meta property=\"article:modified_time\" content=\"2025-11-05T15:06:04+00:00\" \/>\n<meta property=\"og:image\" content=\"https:\/\/www.didatticagenzialighieri.it\/wp-content\/uploads\/2025\/08\/sedi.png\" \/>\n\t<meta property=\"og:image:width\" content=\"1459\" \/>\n\t<meta property=\"og:image:height\" content=\"1355\" \/>\n\t<meta property=\"og:image:type\" content=\"image\/png\" \/>\n<meta name=\"twitter:card\" content=\"summary_large_image\" \/>\n<!-- \/ Yoast SEO plugin. -->","yoast_head_json":{"title":"Las Sedes de Nuestros Cursos - Agencia Formativa Dante Alighieri","description":"Nuestras sedes est\u00e1n presentes en todo el territorio italiano con m\u00e1s de 20 asesores educativos como referentes de zona","robots":{"index":"index","follow":"follow","max-snippet":"max-snippet:-1","max-image-preview":"max-image-preview:large","max-video-preview":"max-video-preview:-1"},"canonical":"https:\/\/www.didatticagenzialighieri.it\/es\/ubicaciones\/","og_locale":"es_ES","og_type":"article","og_title":"Las Sedes de Nuestros Cursos - Agencia Formativa Dante Alighieri","og_description":"Nuestras sedes est\u00e1n presentes en todo el territorio italiano con m\u00e1s de 20 asesores educativos como referentes de zona","og_url":"https:\/\/www.didatticagenzialighieri.it\/es\/ubicaciones\/","og_site_name":"Agenzia Formativa Dante Alighieri","article_modified_time":"2025-11-05T15:06:04+00:00","og_image":[{"width":1459,"height":1355,"url":"https:\/\/www.didatticagenzialighieri.it\/wp-content\/uploads\/2025\/08\/sedi.png","type":"image\/png"}],"twitter_card":"summary_large_image","schema":{"@context":"https:\/\/schema.org","@graph":[{"@type":"WebPage","@id":"https:\/\/www.didatticagenzialighieri.it\/es\/ubicaciones\/","url":"https:\/\/www.didatticagenzialighieri.it\/es\/ubicaciones\/","name":"Las Sedes de Nuestros Cursos - Agencia Formativa Dante Alighieri","isPartOf":{"@id":"https:\/\/www.didatticagenzialighieri.it\/es\/#website"},"primaryImageOfPage":{"@id":"https:\/\/www.didatticagenzialighieri.it\/es\/ubicaciones\/#primaryimage"},"image":{"@id":"https:\/\/www.didatticagenzialighieri.it\/es\/ubicaciones\/#primaryimage"},"thumbnailUrl":"https:\/\/www.didatticagenzialighieri.it\/wp-content\/uploads\/2025\/08\/sedi.png","datePublished":"2015-06-17T09:28:30+00:00","dateModified":"2025-11-05T15:06:04+00:00","description":"Nuestras sedes est\u00e1n presentes en todo el territorio italiano con m\u00e1s de 20 asesores educativos como referentes de zona","breadcrumb":{"@id":"https:\/\/www.didatticagenzialighieri.it\/es\/ubicaciones\/#breadcrumb"},"inLanguage":"es","potentialAction":[{"@type":"ReadAction","target":["https:\/\/www.didatticagenzialighieri.it\/es\/ubicaciones\/"]}]},{"@type":"ImageObject","inLanguage":"es","@id":"https:\/\/www.didatticagenzialighieri.it\/es\/ubicaciones\/#primaryimage","url":"https:\/\/www.didatticagenzialighieri.it\/wp-content\/uploads\/2025\/08\/sedi.png","contentUrl":"https:\/\/www.didatticagenzialighieri.it\/wp-content\/uploads\/2025\/08\/sedi.png","width":1459,"height":1355,"caption":"Ilustraci\u00f3n con manos y marcadores de ubicaci\u00f3n conectados por l\u00edneas discontinuas, s\u00edmbolo de las diferentes sedes de la Agencia Formativa Dante Alighieri."},{"@type":"BreadcrumbList","@id":"https:\/\/www.didatticagenzialighieri.it\/es\/ubicaciones\/#breadcrumb","itemListElement":[{"@type":"ListItem","position":1,"name":"Home","item":"https:\/\/www.didatticagenzialighieri.it\/es\/"},{"@type":"ListItem","position":2,"name":"Ubicaciones"}]},{"@type":"WebSite","@id":"https:\/\/www.didatticagenzialighieri.it\/es\/#website","url":"https:\/\/www.didatticagenzialighieri.it\/es\/","name":"Didattica Agenzia Alighieri","description":"Corsi di Formazione Professionale","publisher":{"@id":"https:\/\/www.didatticagenzialighieri.it\/es\/#organization"},"potentialAction":[{"@type":"SearchAction","target":{"@type":"EntryPoint","urlTemplate":"https:\/\/www.didatticagenzialighieri.it\/es\/?s={search_term_string}"},"query-input":{"@type":"PropertyValueSpecification","valueRequired":true,"valueName":"search_term_string"}}],"inLanguage":"es"},{"@type":"Organization","@id":"https:\/\/www.didatticagenzialighieri.it\/es\/#organization","name":"Didattica Agenzia Alighieri","url":"https:\/\/www.didatticagenzialighieri.it\/es\/","logo":{"@type":"ImageObject","inLanguage":"es","@id":"https:\/\/www.didatticagenzialighieri.it\/es\/#\/schema\/logo\/image\/","url":"https:\/\/www.didatticagenzialighieri.it\/wp-content\/uploads\/2025\/06\/Logo-Dante-Alighieri.png","contentUrl":"https:\/\/www.didatticagenzialighieri.it\/wp-content\/uploads\/2025\/06\/Logo-Dante-Alighieri.png","width":1772,"height":1127,"caption":"Didattica Agenzia Alighieri"},"image":{"@id":"https:\/\/www.didatticagenzialighieri.it\/es\/#\/schema\/logo\/image\/"}}]}},"_links":{"self":[{"href":"https:\/\/www.didatticagenzialighieri.it\/es\/wp-json\/wp\/v2\/pages\/4410","targetHints":{"allow":["GET"]}}],"collection":[{"href":"https:\/\/www.didatticagenzialighieri.it\/es\/wp-json\/wp\/v2\/pages"}],"about":[{"href":"https:\/\/www.didatticagenzialighieri.it\/es\/wp-json\/wp\/v2\/types\/page"}],"author":[{"embeddable":true,"href":"https:\/\/www.didatticagenzialighieri.it\/es\/wp-json\/wp\/v2\/users\/3"}],"replies":[{"embeddable":true,"href":"https:\/\/www.didatticagenzialighieri.it\/es\/wp-json\/wp\/v2\/comments?post=4410"}],"version-history":[{"count":3,"href":"https:\/\/www.didatticagenzialighieri.it\/es\/wp-json\/wp\/v2\/pages\/4410\/revisions"}],"predecessor-version":[{"id":4979,"href":"https:\/\/www.didatticagenzialighieri.it\/es\/wp-json\/wp\/v2\/pages\/4410\/revisions\/4979"}],"wp:featuredmedia":[{"embeddable":true,"href":"https:\/\/www.didatticagenzialighieri.it\/es\/wp-json\/wp\/v2\/media\/4411"}],"wp:attachment":[{"href":"https:\/\/www.didatticagenzialighieri.it\/es\/wp-json\/wp\/v2\/media?parent=4410"}],"curies":[{"name":"wp","href":"https:\/\/api.w.org\/{rel}","templated":true}]}}