{"id":4388,"date":"2015-02-13T11:18:12","date_gmt":"2015-02-13T10:18:12","guid":{"rendered":"https:\/\/www.didatticagenzialighieri.it\/quienes-somos\/"},"modified":"2025-12-09T10:43:16","modified_gmt":"2025-12-09T09:43:16","slug":"quienes-somos","status":"publish","type":"page","link":"https:\/\/www.didatticagenzialighieri.it\/es\/quienes-somos\/","title":{"rendered":"Qui\u00e9nes somos"},"content":{"rendered":"","protected":false},"excerpt":{"rendered":"","protected":false},"author":3,"featured_media":0,"parent":0,"menu_order":0,"comment_status":"closed","ping_status":"closed","template":"azienda.php","meta":{"_acf_changed":false,"_gspb_post_css":"","content-type":"","_kad_post_transparent":"default","_kad_post_title":"default","_kad_post_layout":"default","_kad_post_sidebar_id":"","_kad_post_content_style":"default","_kad_post_vertical_padding":"default","_kad_post_feature":"","_kad_post_feature_position":"","_kad_post_header":false,"_kad_post_footer":false,"_kad_post_classname":"","footnotes":""},"class_list":["post-4388","page","type-page","status-publish","hentry"],"acf":[],"yoast_head":"<!-- This site is optimized with the Yoast SEO plugin v27.4 - https:\/\/yoast.com\/product\/yoast-seo-wordpress\/ -->\n<title>Agencia Formativa Dante Alighieri - Cursos Profesionales desde 1991<\/title>\n<meta name=\"description\" content=\"La Agencia Formativa Dante Alighieri, desde 1991, est\u00e1 especializada en la impartici\u00f3n de cursos de formaci\u00f3n profesional, tambi\u00e9n con pr\u00e1cticas garantizadas\" \/>\n<meta name=\"robots\" content=\"index, follow, max-snippet:-1, max-image-preview:large, max-video-preview:-1\" \/>\n<link rel=\"canonical\" href=\"https:\/\/www.didatticagenzialighieri.it\/es\/quienes-somos\/\" \/>\n<meta property=\"og:locale\" content=\"es_ES\" \/>\n<meta property=\"og:type\" content=\"article\" \/>\n<meta property=\"og:title\" content=\"Agencia Formativa Dante Alighieri - Cursos Profesionales desde 1991\" \/>\n<meta property=\"og:description\" content=\"La Agencia Formativa Dante Alighieri, desde 1991, est\u00e1 especializada en la impartici\u00f3n de cursos de formaci\u00f3n profesional, tambi\u00e9n con pr\u00e1cticas garantizadas\" \/>\n<meta property=\"og:url\" content=\"https:\/\/www.didatticagenzialighieri.it\/es\/quienes-somos\/\" \/>\n<meta property=\"og:site_name\" content=\"Agenzia Formativa Dante Alighieri\" \/>\n<meta property=\"article:modified_time\" content=\"2025-12-09T09:43:16+00:00\" \/>\n<meta name=\"twitter:card\" content=\"summary_large_image\" \/>\n<!-- \/ Yoast SEO plugin. -->","yoast_head_json":{"title":"Agencia Formativa Dante Alighieri - Cursos Profesionales desde 1991","description":"La Agencia Formativa Dante Alighieri, desde 1991, est\u00e1 especializada en la impartici\u00f3n de cursos de formaci\u00f3n profesional, tambi\u00e9n con pr\u00e1cticas garantizadas","robots":{"index":"index","follow":"follow","max-snippet":"max-snippet:-1","max-image-preview":"max-image-preview:large","max-video-preview":"max-video-preview:-1"},"canonical":"https:\/\/www.didatticagenzialighieri.it\/es\/quienes-somos\/","og_locale":"es_ES","og_type":"article","og_title":"Agencia Formativa Dante Alighieri - Cursos Profesionales desde 1991","og_description":"La Agencia Formativa Dante Alighieri, desde 1991, est\u00e1 especializada en la impartici\u00f3n de cursos de formaci\u00f3n profesional, tambi\u00e9n con pr\u00e1cticas garantizadas","og_url":"https:\/\/www.didatticagenzialighieri.it\/es\/quienes-somos\/","og_site_name":"Agenzia Formativa Dante Alighieri","article_modified_time":"2025-12-09T09:43:16+00:00","twitter_card":"summary_large_image","schema":{"@context":"https:\/\/schema.org","@graph":[{"@type":"WebPage","@id":"https:\/\/www.didatticagenzialighieri.it\/es\/quienes-somos\/","url":"https:\/\/www.didatticagenzialighieri.it\/es\/quienes-somos\/","name":"Agencia Formativa Dante Alighieri - Cursos Profesionales desde 1991","isPartOf":{"@id":"https:\/\/www.didatticagenzialighieri.it\/es\/#website"},"datePublished":"2015-02-13T10:18:12+00:00","dateModified":"2025-12-09T09:43:16+00:00","description":"La Agencia Formativa Dante Alighieri, desde 1991, est\u00e1 especializada en la impartici\u00f3n de cursos de formaci\u00f3n profesional, tambi\u00e9n con pr\u00e1cticas garantizadas","breadcrumb":{"@id":"https:\/\/www.didatticagenzialighieri.it\/es\/quienes-somos\/#breadcrumb"},"inLanguage":"es","potentialAction":[{"@type":"ReadAction","target":["https:\/\/www.didatticagenzialighieri.it\/es\/quienes-somos\/"]}]},{"@type":"BreadcrumbList","@id":"https:\/\/www.didatticagenzialighieri.it\/es\/quienes-somos\/#breadcrumb","itemListElement":[{"@type":"ListItem","position":1,"name":"Home","item":"https:\/\/www.didatticagenzialighieri.it\/es\/"},{"@type":"ListItem","position":2,"name":"Qui\u00e9nes somos"}]},{"@type":"WebSite","@id":"https:\/\/www.didatticagenzialighieri.it\/es\/#website","url":"https:\/\/www.didatticagenzialighieri.it\/es\/","name":"Didattica Agenzia Alighieri","description":"Corsi di Formazione Professionale","publisher":{"@id":"https:\/\/www.didatticagenzialighieri.it\/es\/#organization"},"potentialAction":[{"@type":"SearchAction","target":{"@type":"EntryPoint","urlTemplate":"https:\/\/www.didatticagenzialighieri.it\/es\/?s={search_term_string}"},"query-input":{"@type":"PropertyValueSpecification","valueRequired":true,"valueName":"search_term_string"}}],"inLanguage":"es"},{"@type":"Organization","@id":"https:\/\/www.didatticagenzialighieri.it\/es\/#organization","name":"Didattica Agenzia Alighieri","url":"https:\/\/www.didatticagenzialighieri.it\/es\/","logo":{"@type":"ImageObject","inLanguage":"es","@id":"https:\/\/www.didatticagenzialighieri.it\/es\/#\/schema\/logo\/image\/","url":"https:\/\/www.didatticagenzialighieri.it\/wp-content\/uploads\/2025\/06\/Logo-Dante-Alighieri.png","contentUrl":"https:\/\/www.didatticagenzialighieri.it\/wp-content\/uploads\/2025\/06\/Logo-Dante-Alighieri.png","width":1772,"height":1127,"caption":"Didattica Agenzia Alighieri"},"image":{"@id":"https:\/\/www.didatticagenzialighieri.it\/es\/#\/schema\/logo\/image\/"}}]}},"_links":{"self":[{"href":"https:\/\/www.didatticagenzialighieri.it\/es\/wp-json\/wp\/v2\/pages\/4388","targetHints":{"allow":["GET"]}}],"collection":[{"href":"https:\/\/www.didatticagenzialighieri.it\/es\/wp-json\/wp\/v2\/pages"}],"about":[{"href":"https:\/\/www.didatticagenzialighieri.it\/es\/wp-json\/wp\/v2\/types\/page"}],"author":[{"embeddable":true,"href":"https:\/\/www.didatticagenzialighieri.it\/es\/wp-json\/wp\/v2\/users\/3"}],"replies":[{"embeddable":true,"href":"https:\/\/www.didatticagenzialighieri.it\/es\/wp-json\/wp\/v2\/comments?post=4388"}],"version-history":[{"count":21,"href":"https:\/\/www.didatticagenzialighieri.it\/es\/wp-json\/wp\/v2\/pages\/4388\/revisions"}],"predecessor-version":[{"id":5519,"href":"https:\/\/www.didatticagenzialighieri.it\/es\/wp-json\/wp\/v2\/pages\/4388\/revisions\/5519"}],"wp:attachment":[{"href":"https:\/\/www.didatticagenzialighieri.it\/es\/wp-json\/wp\/v2\/media?parent=4388"}],"curies":[{"name":"wp","href":"https:\/\/api.w.org\/{rel}","templated":true}]}}