{"id":4221,"date":"2013-05-24T19:42:07","date_gmt":"2013-05-24T17:42:07","guid":{"rendered":"https:\/\/www.didatticagenzialighieri.it\/inicio\/"},"modified":"2026-03-02T09:34:05","modified_gmt":"2026-03-02T08:34:05","slug":"inicio","status":"publish","type":"page","link":"https:\/\/www.didatticagenzialighieri.it\/es\/","title":{"rendered":"Inicio"},"content":{"rendered":"","protected":false},"excerpt":{"rendered":"","protected":false},"author":3,"featured_media":0,"parent":0,"menu_order":0,"comment_status":"closed","ping_status":"closed","template":"homepage.php","meta":{"_acf_changed":false,"_gspb_post_css":"","content-type":"","_kad_post_transparent":"default","_kad_post_title":"default","_kad_post_layout":"default","_kad_post_sidebar_id":"","_kad_post_content_style":"default","_kad_post_vertical_padding":"default","_kad_post_feature":"","_kad_post_feature_position":"","_kad_post_header":false,"_kad_post_footer":false,"_kad_post_classname":"","footnotes":""},"class_list":["post-4221","page","type-page","status-publish","hentry"],"acf":[],"yoast_head":"<!-- This site is optimized with the Yoast SEO plugin v27.4 - https:\/\/yoast.com\/product\/yoast-seo-wordpress\/ -->\n<title>Cursos de Formaci\u00f3n Profesional - Pr\u00e1ctica Garantizada en Empresas Reconocidas<\/title>\n<meta name=\"description\" content=\"Desde hace m\u00e1s de 30 a\u00f1os impartimos cursos de formaci\u00f3n profesional. Aprende de los mejores profesionales y haz pr\u00e1cticas en las empresas m\u00e1s prestigiosas.\" \/>\n<meta name=\"robots\" content=\"index, follow, max-snippet:-1, max-image-preview:large, max-video-preview:-1\" \/>\n<link rel=\"canonical\" href=\"https:\/\/www.didatticagenzialighieri.it\/es\/\" \/>\n<meta property=\"og:locale\" content=\"es_ES\" \/>\n<meta property=\"og:type\" content=\"article\" \/>\n<meta property=\"og:title\" content=\"Cursos de Formaci\u00f3n Profesional - Pr\u00e1ctica Garantizada en Empresas Reconocidas\" \/>\n<meta property=\"og:description\" content=\"Desde hace m\u00e1s de 30 a\u00f1os impartimos cursos de formaci\u00f3n profesional. Aprende de los mejores profesionales y haz pr\u00e1cticas en las empresas m\u00e1s prestigiosas.\" \/>\n<meta property=\"og:url\" content=\"https:\/\/www.didatticagenzialighieri.it\/es\/\" \/>\n<meta property=\"og:site_name\" content=\"Agenzia Formativa Dante Alighieri\" \/>\n<meta property=\"article:modified_time\" content=\"2026-03-02T08:34:05+00:00\" \/>\n<meta name=\"twitter:card\" content=\"summary_large_image\" \/>\n<!-- \/ Yoast SEO plugin. -->","yoast_head_json":{"title":"Cursos de Formaci\u00f3n Profesional - Pr\u00e1ctica Garantizada en Empresas Reconocidas","description":"Desde hace m\u00e1s de 30 a\u00f1os impartimos cursos de formaci\u00f3n profesional. Aprende de los mejores profesionales y haz pr\u00e1cticas en las empresas m\u00e1s prestigiosas.","robots":{"index":"index","follow":"follow","max-snippet":"max-snippet:-1","max-image-preview":"max-image-preview:large","max-video-preview":"max-video-preview:-1"},"canonical":"https:\/\/www.didatticagenzialighieri.it\/es\/","og_locale":"es_ES","og_type":"article","og_title":"Cursos de Formaci\u00f3n Profesional - Pr\u00e1ctica Garantizada en Empresas Reconocidas","og_description":"Desde hace m\u00e1s de 30 a\u00f1os impartimos cursos de formaci\u00f3n profesional. Aprende de los mejores profesionales y haz pr\u00e1cticas en las empresas m\u00e1s prestigiosas.","og_url":"https:\/\/www.didatticagenzialighieri.it\/es\/","og_site_name":"Agenzia Formativa Dante Alighieri","article_modified_time":"2026-03-02T08:34:05+00:00","twitter_card":"summary_large_image","schema":{"@context":"https:\/\/schema.org","@graph":[{"@type":"WebPage","@id":"https:\/\/www.didatticagenzialighieri.it\/es\/","url":"https:\/\/www.didatticagenzialighieri.it\/es\/","name":"Cursos de Formaci\u00f3n Profesional - Pr\u00e1ctica Garantizada en Empresas Reconocidas","isPartOf":{"@id":"https:\/\/www.didatticagenzialighieri.it\/es\/#website"},"datePublished":"2013-05-24T17:42:07+00:00","dateModified":"2026-03-02T08:34:05+00:00","description":"Desde hace m\u00e1s de 30 a\u00f1os impartimos cursos de formaci\u00f3n profesional. Aprende de los mejores profesionales y haz pr\u00e1cticas en las empresas m\u00e1s prestigiosas.","breadcrumb":{"@id":"https:\/\/www.didatticagenzialighieri.it\/es\/#breadcrumb"},"inLanguage":"es","potentialAction":[{"@type":"ReadAction","target":["https:\/\/www.didatticagenzialighieri.it\/es\/"]}]},{"@type":"BreadcrumbList","@id":"https:\/\/www.didatticagenzialighieri.it\/es\/#breadcrumb","itemListElement":[{"@type":"ListItem","position":1,"name":"Home","item":"https:\/\/www.didatticagenzialighieri.it\/es\/"},{"@type":"ListItem","position":2,"name":"Inicio"}]},{"@type":"WebSite","@id":"https:\/\/www.didatticagenzialighieri.it\/es\/#website","url":"https:\/\/www.didatticagenzialighieri.it\/es\/","name":"Didattica Agenzia Alighieri","description":"Corsi di Formazione Professionale","publisher":{"@id":"https:\/\/www.didatticagenzialighieri.it\/es\/#organization"},"potentialAction":[{"@type":"SearchAction","target":{"@type":"EntryPoint","urlTemplate":"https:\/\/www.didatticagenzialighieri.it\/es\/?s={search_term_string}"},"query-input":{"@type":"PropertyValueSpecification","valueRequired":true,"valueName":"search_term_string"}}],"inLanguage":"es"},{"@type":"Organization","@id":"https:\/\/www.didatticagenzialighieri.it\/es\/#organization","name":"Didattica Agenzia Alighieri","url":"https:\/\/www.didatticagenzialighieri.it\/es\/","logo":{"@type":"ImageObject","inLanguage":"es","@id":"https:\/\/www.didatticagenzialighieri.it\/es\/#\/schema\/logo\/image\/","url":"https:\/\/www.didatticagenzialighieri.it\/wp-content\/uploads\/2025\/06\/Logo-Dante-Alighieri.png","contentUrl":"https:\/\/www.didatticagenzialighieri.it\/wp-content\/uploads\/2025\/06\/Logo-Dante-Alighieri.png","width":1772,"height":1127,"caption":"Didattica Agenzia Alighieri"},"image":{"@id":"https:\/\/www.didatticagenzialighieri.it\/es\/#\/schema\/logo\/image\/"}}]}},"_links":{"self":[{"href":"https:\/\/www.didatticagenzialighieri.it\/es\/wp-json\/wp\/v2\/pages\/4221","targetHints":{"allow":["GET"]}}],"collection":[{"href":"https:\/\/www.didatticagenzialighieri.it\/es\/wp-json\/wp\/v2\/pages"}],"about":[{"href":"https:\/\/www.didatticagenzialighieri.it\/es\/wp-json\/wp\/v2\/types\/page"}],"author":[{"embeddable":true,"href":"https:\/\/www.didatticagenzialighieri.it\/es\/wp-json\/wp\/v2\/users\/3"}],"replies":[{"embeddable":true,"href":"https:\/\/www.didatticagenzialighieri.it\/es\/wp-json\/wp\/v2\/comments?post=4221"}],"version-history":[{"count":5,"href":"https:\/\/www.didatticagenzialighieri.it\/es\/wp-json\/wp\/v2\/pages\/4221\/revisions"}],"predecessor-version":[{"id":5819,"href":"https:\/\/www.didatticagenzialighieri.it\/es\/wp-json\/wp\/v2\/pages\/4221\/revisions\/5819"}],"wp:attachment":[{"href":"https:\/\/www.didatticagenzialighieri.it\/es\/wp-json\/wp\/v2\/media?parent=4221"}],"curies":[{"name":"wp","href":"https:\/\/api.w.org\/{rel}","templated":true}]}}