{"id":4412,"date":"2015-06-17T11:28:30","date_gmt":"2015-06-17T09:28:30","guid":{"rendered":"https:\/\/www.didatticagenzialighieri.it\/seus\/"},"modified":"2025-11-05T16:08:53","modified_gmt":"2025-11-05T15:08:53","slug":"seus","status":"publish","type":"page","link":"https:\/\/www.didatticagenzialighieri.it\/ca\/ubicacions\/","title":{"rendered":"Ubicacions"},"content":{"rendered":"","protected":false},"excerpt":{"rendered":"","protected":false},"author":3,"featured_media":4413,"parent":0,"menu_order":0,"comment_status":"closed","ping_status":"closed","template":"sedi.php","meta":{"_acf_changed":false,"_gspb_post_css":"","content-type":"","_kad_post_transparent":"default","_kad_post_title":"default","_kad_post_layout":"default","_kad_post_sidebar_id":"","_kad_post_content_style":"default","_kad_post_vertical_padding":"default","_kad_post_feature":"","_kad_post_feature_position":"","_kad_post_header":false,"_kad_post_footer":false,"_kad_post_classname":"","footnotes":""},"class_list":["post-4412","page","type-page","status-publish","has-post-thumbnail","hentry"],"acf":[],"yoast_head":"<!-- This site is optimized with the Yoast SEO plugin v27.4 - https:\/\/yoast.com\/product\/yoast-seo-wordpress\/ -->\n<title>Les seus dels nostres cursos - Ag\u00e8ncia Formativa Dante Alighieri<\/title>\n<meta name=\"description\" content=\"Les nostres seus s\u00f3n presents a tot el territori itali\u00e0 amb m\u00e9s de 20 informadors did\u00e0ctics referents de zona\" \/>\n<meta name=\"robots\" content=\"index, follow, max-snippet:-1, max-image-preview:large, max-video-preview:-1\" \/>\n<link rel=\"canonical\" href=\"https:\/\/www.didatticagenzialighieri.it\/ca\/ubicacions\/\" \/>\n<meta property=\"og:locale\" content=\"ca_ES\" \/>\n<meta property=\"og:type\" content=\"article\" \/>\n<meta property=\"og:title\" content=\"Les seus dels nostres cursos - Ag\u00e8ncia Formativa Dante Alighieri\" \/>\n<meta property=\"og:description\" content=\"Les nostres seus s\u00f3n presents a tot el territori itali\u00e0 amb m\u00e9s de 20 informadors did\u00e0ctics referents de zona\" \/>\n<meta property=\"og:url\" content=\"https:\/\/www.didatticagenzialighieri.it\/ca\/ubicacions\/\" \/>\n<meta property=\"og:site_name\" content=\"Agenzia Formativa Dante Alighieri\" \/>\n<meta property=\"article:modified_time\" content=\"2025-11-05T15:08:53+00:00\" \/>\n<meta property=\"og:image\" content=\"https:\/\/www.didatticagenzialighieri.it\/wp-content\/uploads\/2025\/08\/sedi.png\" \/>\n\t<meta property=\"og:image:width\" content=\"1459\" \/>\n\t<meta property=\"og:image:height\" content=\"1355\" \/>\n\t<meta property=\"og:image:type\" content=\"image\/png\" \/>\n<meta name=\"twitter:card\" content=\"summary_large_image\" \/>\n<!-- \/ Yoast SEO plugin. -->","yoast_head_json":{"title":"Les seus dels nostres cursos - Ag\u00e8ncia Formativa Dante Alighieri","description":"Les nostres seus s\u00f3n presents a tot el territori itali\u00e0 amb m\u00e9s de 20 informadors did\u00e0ctics referents de zona","robots":{"index":"index","follow":"follow","max-snippet":"max-snippet:-1","max-image-preview":"max-image-preview:large","max-video-preview":"max-video-preview:-1"},"canonical":"https:\/\/www.didatticagenzialighieri.it\/ca\/ubicacions\/","og_locale":"ca_ES","og_type":"article","og_title":"Les seus dels nostres cursos - Ag\u00e8ncia Formativa Dante Alighieri","og_description":"Les nostres seus s\u00f3n presents a tot el territori itali\u00e0 amb m\u00e9s de 20 informadors did\u00e0ctics referents de zona","og_url":"https:\/\/www.didatticagenzialighieri.it\/ca\/ubicacions\/","og_site_name":"Agenzia Formativa Dante Alighieri","article_modified_time":"2025-11-05T15:08:53+00:00","og_image":[{"width":1459,"height":1355,"url":"https:\/\/www.didatticagenzialighieri.it\/wp-content\/uploads\/2025\/08\/sedi.png","type":"image\/png"}],"twitter_card":"summary_large_image","schema":{"@context":"https:\/\/schema.org","@graph":[{"@type":"WebPage","@id":"https:\/\/www.didatticagenzialighieri.it\/ca\/ubicacions\/","url":"https:\/\/www.didatticagenzialighieri.it\/ca\/ubicacions\/","name":"Les seus dels nostres cursos - Ag\u00e8ncia Formativa Dante Alighieri","isPartOf":{"@id":"https:\/\/www.didatticagenzialighieri.it\/ca\/#website"},"primaryImageOfPage":{"@id":"https:\/\/www.didatticagenzialighieri.it\/ca\/ubicacions\/#primaryimage"},"image":{"@id":"https:\/\/www.didatticagenzialighieri.it\/ca\/ubicacions\/#primaryimage"},"thumbnailUrl":"https:\/\/www.didatticagenzialighieri.it\/wp-content\/uploads\/2025\/08\/sedi.png","datePublished":"2015-06-17T09:28:30+00:00","dateModified":"2025-11-05T15:08:53+00:00","description":"Les nostres seus s\u00f3n presents a tot el territori itali\u00e0 amb m\u00e9s de 20 informadors did\u00e0ctics referents de zona","breadcrumb":{"@id":"https:\/\/www.didatticagenzialighieri.it\/ca\/ubicacions\/#breadcrumb"},"inLanguage":"ca","potentialAction":[{"@type":"ReadAction","target":["https:\/\/www.didatticagenzialighieri.it\/ca\/ubicacions\/"]}]},{"@type":"ImageObject","inLanguage":"ca","@id":"https:\/\/www.didatticagenzialighieri.it\/ca\/ubicacions\/#primaryimage","url":"https:\/\/www.didatticagenzialighieri.it\/wp-content\/uploads\/2025\/08\/sedi.png","contentUrl":"https:\/\/www.didatticagenzialighieri.it\/wp-content\/uploads\/2025\/08\/sedi.png","width":1459,"height":1355,"caption":"Il\u00b7lustraci\u00f3 amb mans i marcador de posici\u00f3 de localitzaci\u00f3 connectats per l\u00ednies de punts, s\u00edmbol de les diferents seus de l'Ag\u00e8ncia Formativa Dante Alighieri."},{"@type":"BreadcrumbList","@id":"https:\/\/www.didatticagenzialighieri.it\/ca\/ubicacions\/#breadcrumb","itemListElement":[{"@type":"ListItem","position":1,"name":"Home","item":"https:\/\/www.didatticagenzialighieri.it\/ca\/"},{"@type":"ListItem","position":2,"name":"Ubicacions"}]},{"@type":"WebSite","@id":"https:\/\/www.didatticagenzialighieri.it\/ca\/#website","url":"https:\/\/www.didatticagenzialighieri.it\/ca\/","name":"Didattica Agenzia Alighieri","description":"Corsi di Formazione Professionale","publisher":{"@id":"https:\/\/www.didatticagenzialighieri.it\/ca\/#organization"},"potentialAction":[{"@type":"SearchAction","target":{"@type":"EntryPoint","urlTemplate":"https:\/\/www.didatticagenzialighieri.it\/ca\/?s={search_term_string}"},"query-input":{"@type":"PropertyValueSpecification","valueRequired":true,"valueName":"search_term_string"}}],"inLanguage":"ca"},{"@type":"Organization","@id":"https:\/\/www.didatticagenzialighieri.it\/ca\/#organization","name":"Didattica Agenzia Alighieri","url":"https:\/\/www.didatticagenzialighieri.it\/ca\/","logo":{"@type":"ImageObject","inLanguage":"ca","@id":"https:\/\/www.didatticagenzialighieri.it\/ca\/#\/schema\/logo\/image\/","url":"https:\/\/www.didatticagenzialighieri.it\/wp-content\/uploads\/2025\/06\/Logo-Dante-Alighieri.png","contentUrl":"https:\/\/www.didatticagenzialighieri.it\/wp-content\/uploads\/2025\/06\/Logo-Dante-Alighieri.png","width":1772,"height":1127,"caption":"Didattica Agenzia Alighieri"},"image":{"@id":"https:\/\/www.didatticagenzialighieri.it\/ca\/#\/schema\/logo\/image\/"}}]}},"_links":{"self":[{"href":"https:\/\/www.didatticagenzialighieri.it\/ca\/wp-json\/wp\/v2\/pages\/4412","targetHints":{"allow":["GET"]}}],"collection":[{"href":"https:\/\/www.didatticagenzialighieri.it\/ca\/wp-json\/wp\/v2\/pages"}],"about":[{"href":"https:\/\/www.didatticagenzialighieri.it\/ca\/wp-json\/wp\/v2\/types\/page"}],"author":[{"embeddable":true,"href":"https:\/\/www.didatticagenzialighieri.it\/ca\/wp-json\/wp\/v2\/users\/3"}],"replies":[{"embeddable":true,"href":"https:\/\/www.didatticagenzialighieri.it\/ca\/wp-json\/wp\/v2\/comments?post=4412"}],"version-history":[{"count":3,"href":"https:\/\/www.didatticagenzialighieri.it\/ca\/wp-json\/wp\/v2\/pages\/4412\/revisions"}],"predecessor-version":[{"id":4981,"href":"https:\/\/www.didatticagenzialighieri.it\/ca\/wp-json\/wp\/v2\/pages\/4412\/revisions\/4981"}],"wp:featuredmedia":[{"embeddable":true,"href":"https:\/\/www.didatticagenzialighieri.it\/ca\/wp-json\/wp\/v2\/media\/4413"}],"wp:attachment":[{"href":"https:\/\/www.didatticagenzialighieri.it\/ca\/wp-json\/wp\/v2\/media?parent=4412"}],"curies":[{"name":"wp","href":"https:\/\/api.w.org\/{rel}","templated":true}]}}