{"id":4399,"date":"2015-02-13T11:18:12","date_gmt":"2015-02-13T10:18:12","guid":{"rendered":"https:\/\/www.didatticagenzialighieri.it\/qui-som\/"},"modified":"2025-11-11T10:13:46","modified_gmt":"2025-11-11T09:13:46","slug":"qui-som","status":"publish","type":"page","link":"https:\/\/www.didatticagenzialighieri.it\/ca\/qui-som\/","title":{"rendered":"Qui som"},"content":{"rendered":"","protected":false},"excerpt":{"rendered":"","protected":false},"author":3,"featured_media":0,"parent":0,"menu_order":0,"comment_status":"closed","ping_status":"closed","template":"azienda.php","meta":{"_acf_changed":false,"_gspb_post_css":"","content-type":"","_kad_post_transparent":"default","_kad_post_title":"default","_kad_post_layout":"default","_kad_post_sidebar_id":"","_kad_post_content_style":"default","_kad_post_vertical_padding":"default","_kad_post_feature":"","_kad_post_feature_position":"","_kad_post_header":false,"_kad_post_footer":false,"_kad_post_classname":"","footnotes":""},"class_list":["post-4399","page","type-page","status-publish","hentry"],"acf":[],"yoast_head":"<!-- This site is optimized with the Yoast SEO plugin v27.4 - https:\/\/yoast.com\/product\/yoast-seo-wordpress\/ -->\n<title>Ag\u00e8ncia Formativa Dante Alighieri - Cursos Professionals des del 1991<\/title>\n<meta name=\"description\" content=\"L&#039;Ag\u00e8ncia Formativa Dante Alighieri des del 1991 est\u00e0 especialitzada en la impartici\u00f3 de cursos de formaci\u00f3 professional, tamb\u00e9 amb Pr\u00e0ctiques garantides.\" \/>\n<meta name=\"robots\" content=\"index, follow, max-snippet:-1, max-image-preview:large, max-video-preview:-1\" \/>\n<link rel=\"canonical\" href=\"https:\/\/www.didatticagenzialighieri.it\/ca\/qui-som\/\" \/>\n<meta property=\"og:locale\" content=\"ca_ES\" \/>\n<meta property=\"og:type\" content=\"article\" \/>\n<meta property=\"og:title\" content=\"Ag\u00e8ncia Formativa Dante Alighieri - Cursos Professionals des del 1991\" \/>\n<meta property=\"og:description\" content=\"L&#039;Ag\u00e8ncia Formativa Dante Alighieri des del 1991 est\u00e0 especialitzada en la impartici\u00f3 de cursos de formaci\u00f3 professional, tamb\u00e9 amb Pr\u00e0ctiques garantides.\" \/>\n<meta property=\"og:url\" content=\"https:\/\/www.didatticagenzialighieri.it\/ca\/qui-som\/\" \/>\n<meta property=\"og:site_name\" content=\"Agenzia Formativa Dante Alighieri\" \/>\n<meta property=\"article:modified_time\" content=\"2025-11-11T09:13:46+00:00\" \/>\n<meta name=\"twitter:card\" content=\"summary_large_image\" \/>\n<!-- \/ Yoast SEO plugin. -->","yoast_head_json":{"title":"Ag\u00e8ncia Formativa Dante Alighieri - Cursos Professionals des del 1991","description":"L'Ag\u00e8ncia Formativa Dante Alighieri des del 1991 est\u00e0 especialitzada en la impartici\u00f3 de cursos de formaci\u00f3 professional, tamb\u00e9 amb Pr\u00e0ctiques garantides.","robots":{"index":"index","follow":"follow","max-snippet":"max-snippet:-1","max-image-preview":"max-image-preview:large","max-video-preview":"max-video-preview:-1"},"canonical":"https:\/\/www.didatticagenzialighieri.it\/ca\/qui-som\/","og_locale":"ca_ES","og_type":"article","og_title":"Ag\u00e8ncia Formativa Dante Alighieri - Cursos Professionals des del 1991","og_description":"L'Ag\u00e8ncia Formativa Dante Alighieri des del 1991 est\u00e0 especialitzada en la impartici\u00f3 de cursos de formaci\u00f3 professional, tamb\u00e9 amb Pr\u00e0ctiques garantides.","og_url":"https:\/\/www.didatticagenzialighieri.it\/ca\/qui-som\/","og_site_name":"Agenzia Formativa Dante Alighieri","article_modified_time":"2025-11-11T09:13:46+00:00","twitter_card":"summary_large_image","schema":{"@context":"https:\/\/schema.org","@graph":[{"@type":"WebPage","@id":"https:\/\/www.didatticagenzialighieri.it\/ca\/qui-som\/","url":"https:\/\/www.didatticagenzialighieri.it\/ca\/qui-som\/","name":"Ag\u00e8ncia Formativa Dante Alighieri - Cursos Professionals des del 1991","isPartOf":{"@id":"https:\/\/www.didatticagenzialighieri.it\/ca\/#website"},"datePublished":"2015-02-13T10:18:12+00:00","dateModified":"2025-11-11T09:13:46+00:00","description":"L'Ag\u00e8ncia Formativa Dante Alighieri des del 1991 est\u00e0 especialitzada en la impartici\u00f3 de cursos de formaci\u00f3 professional, tamb\u00e9 amb Pr\u00e0ctiques garantides.","breadcrumb":{"@id":"https:\/\/www.didatticagenzialighieri.it\/ca\/qui-som\/#breadcrumb"},"inLanguage":"ca","potentialAction":[{"@type":"ReadAction","target":["https:\/\/www.didatticagenzialighieri.it\/ca\/qui-som\/"]}]},{"@type":"BreadcrumbList","@id":"https:\/\/www.didatticagenzialighieri.it\/ca\/qui-som\/#breadcrumb","itemListElement":[{"@type":"ListItem","position":1,"name":"Home","item":"https:\/\/www.didatticagenzialighieri.it\/ca\/"},{"@type":"ListItem","position":2,"name":"Qui som"}]},{"@type":"WebSite","@id":"https:\/\/www.didatticagenzialighieri.it\/ca\/#website","url":"https:\/\/www.didatticagenzialighieri.it\/ca\/","name":"Didattica Agenzia Alighieri","description":"Corsi di Formazione Professionale","publisher":{"@id":"https:\/\/www.didatticagenzialighieri.it\/ca\/#organization"},"potentialAction":[{"@type":"SearchAction","target":{"@type":"EntryPoint","urlTemplate":"https:\/\/www.didatticagenzialighieri.it\/ca\/?s={search_term_string}"},"query-input":{"@type":"PropertyValueSpecification","valueRequired":true,"valueName":"search_term_string"}}],"inLanguage":"ca"},{"@type":"Organization","@id":"https:\/\/www.didatticagenzialighieri.it\/ca\/#organization","name":"Didattica Agenzia Alighieri","url":"https:\/\/www.didatticagenzialighieri.it\/ca\/","logo":{"@type":"ImageObject","inLanguage":"ca","@id":"https:\/\/www.didatticagenzialighieri.it\/ca\/#\/schema\/logo\/image\/","url":"https:\/\/www.didatticagenzialighieri.it\/wp-content\/uploads\/2025\/06\/Logo-Dante-Alighieri.png","contentUrl":"https:\/\/www.didatticagenzialighieri.it\/wp-content\/uploads\/2025\/06\/Logo-Dante-Alighieri.png","width":1772,"height":1127,"caption":"Didattica Agenzia Alighieri"},"image":{"@id":"https:\/\/www.didatticagenzialighieri.it\/ca\/#\/schema\/logo\/image\/"}}]}},"_links":{"self":[{"href":"https:\/\/www.didatticagenzialighieri.it\/ca\/wp-json\/wp\/v2\/pages\/4399","targetHints":{"allow":["GET"]}}],"collection":[{"href":"https:\/\/www.didatticagenzialighieri.it\/ca\/wp-json\/wp\/v2\/pages"}],"about":[{"href":"https:\/\/www.didatticagenzialighieri.it\/ca\/wp-json\/wp\/v2\/types\/page"}],"author":[{"embeddable":true,"href":"https:\/\/www.didatticagenzialighieri.it\/ca\/wp-json\/wp\/v2\/users\/3"}],"replies":[{"embeddable":true,"href":"https:\/\/www.didatticagenzialighieri.it\/ca\/wp-json\/wp\/v2\/comments?post=4399"}],"version-history":[{"count":5,"href":"https:\/\/www.didatticagenzialighieri.it\/ca\/wp-json\/wp\/v2\/pages\/4399\/revisions"}],"predecessor-version":[{"id":5196,"href":"https:\/\/www.didatticagenzialighieri.it\/ca\/wp-json\/wp\/v2\/pages\/4399\/revisions\/5196"}],"wp:attachment":[{"href":"https:\/\/www.didatticagenzialighieri.it\/ca\/wp-json\/wp\/v2\/media?parent=4399"}],"curies":[{"name":"wp","href":"https:\/\/api.w.org\/{rel}","templated":true}]}}