{"id":4238,"date":"2013-05-24T19:42:07","date_gmt":"2013-05-24T17:42:07","guid":{"rendered":"https:\/\/www.didatticagenzialighieri.it\/pagina-dinici\/"},"modified":"2026-03-02T10:37:00","modified_gmt":"2026-03-02T09:37:00","slug":"pagina-dinici","status":"publish","type":"page","link":"https:\/\/www.didatticagenzialighieri.it\/ca\/","title":{"rendered":"P\u00e0gina d&#8217;inici"},"content":{"rendered":"","protected":false},"excerpt":{"rendered":"","protected":false},"author":3,"featured_media":0,"parent":0,"menu_order":0,"comment_status":"closed","ping_status":"closed","template":"homepage.php","meta":{"_acf_changed":false,"_gspb_post_css":"","content-type":"","_kad_post_transparent":"default","_kad_post_title":"default","_kad_post_layout":"default","_kad_post_sidebar_id":"","_kad_post_content_style":"default","_kad_post_vertical_padding":"default","_kad_post_feature":"","_kad_post_feature_position":"","_kad_post_header":false,"_kad_post_footer":false,"_kad_post_classname":"","footnotes":""},"class_list":["post-4238","page","type-page","status-publish","hentry"],"acf":[],"yoast_head":"<!-- This site is optimized with the Yoast SEO plugin v27.4 - https:\/\/yoast.com\/product\/yoast-seo-wordpress\/ -->\n<title>Cursos de Formaci\u00f3 Professional - Pr\u00e0ctica Garantida en Empreses Renomades<\/title>\n<meta name=\"description\" content=\"Fa m\u00e9s de 30 anys que oferim cursos de formaci\u00f3 professional. Apr\u00e8n dels millors professionals i practica a les empreses m\u00e9s prestigioses.\" \/>\n<meta name=\"robots\" content=\"index, follow, max-snippet:-1, max-image-preview:large, max-video-preview:-1\" \/>\n<link rel=\"canonical\" href=\"https:\/\/www.didatticagenzialighieri.it\/ca\/\" \/>\n<meta property=\"og:locale\" content=\"ca_ES\" \/>\n<meta property=\"og:type\" content=\"article\" \/>\n<meta property=\"og:title\" content=\"Cursos de Formaci\u00f3 Professional - Pr\u00e0ctica Garantida en Empreses Renomades\" \/>\n<meta property=\"og:description\" content=\"Fa m\u00e9s de 30 anys que oferim cursos de formaci\u00f3 professional. Apr\u00e8n dels millors professionals i practica a les empreses m\u00e9s prestigioses.\" \/>\n<meta property=\"og:url\" content=\"https:\/\/www.didatticagenzialighieri.it\/ca\/\" \/>\n<meta property=\"og:site_name\" content=\"Agenzia Formativa Dante Alighieri\" \/>\n<meta property=\"article:modified_time\" content=\"2026-03-02T09:37:00+00:00\" \/>\n<meta name=\"twitter:card\" content=\"summary_large_image\" \/>\n<!-- \/ Yoast SEO plugin. -->","yoast_head_json":{"title":"Cursos de Formaci\u00f3 Professional - Pr\u00e0ctica Garantida en Empreses Renomades","description":"Fa m\u00e9s de 30 anys que oferim cursos de formaci\u00f3 professional. Apr\u00e8n dels millors professionals i practica a les empreses m\u00e9s prestigioses.","robots":{"index":"index","follow":"follow","max-snippet":"max-snippet:-1","max-image-preview":"max-image-preview:large","max-video-preview":"max-video-preview:-1"},"canonical":"https:\/\/www.didatticagenzialighieri.it\/ca\/","og_locale":"ca_ES","og_type":"article","og_title":"Cursos de Formaci\u00f3 Professional - Pr\u00e0ctica Garantida en Empreses Renomades","og_description":"Fa m\u00e9s de 30 anys que oferim cursos de formaci\u00f3 professional. Apr\u00e8n dels millors professionals i practica a les empreses m\u00e9s prestigioses.","og_url":"https:\/\/www.didatticagenzialighieri.it\/ca\/","og_site_name":"Agenzia Formativa Dante Alighieri","article_modified_time":"2026-03-02T09:37:00+00:00","twitter_card":"summary_large_image","schema":{"@context":"https:\/\/schema.org","@graph":[{"@type":"WebPage","@id":"https:\/\/www.didatticagenzialighieri.it\/ca\/","url":"https:\/\/www.didatticagenzialighieri.it\/ca\/","name":"Cursos de Formaci\u00f3 Professional - Pr\u00e0ctica Garantida en Empreses Renomades","isPartOf":{"@id":"https:\/\/www.didatticagenzialighieri.it\/ca\/#website"},"datePublished":"2013-05-24T17:42:07+00:00","dateModified":"2026-03-02T09:37:00+00:00","description":"Fa m\u00e9s de 30 anys que oferim cursos de formaci\u00f3 professional. Apr\u00e8n dels millors professionals i practica a les empreses m\u00e9s prestigioses.","breadcrumb":{"@id":"https:\/\/www.didatticagenzialighieri.it\/ca\/#breadcrumb"},"inLanguage":"ca","potentialAction":[{"@type":"ReadAction","target":["https:\/\/www.didatticagenzialighieri.it\/ca\/"]}]},{"@type":"BreadcrumbList","@id":"https:\/\/www.didatticagenzialighieri.it\/ca\/#breadcrumb","itemListElement":[{"@type":"ListItem","position":1,"name":"Home","item":"https:\/\/www.didatticagenzialighieri.it\/ca\/"},{"@type":"ListItem","position":2,"name":"P\u00e0gina d&#8217;inici"}]},{"@type":"WebSite","@id":"https:\/\/www.didatticagenzialighieri.it\/ca\/#website","url":"https:\/\/www.didatticagenzialighieri.it\/ca\/","name":"Didattica Agenzia Alighieri","description":"Corsi di Formazione Professionale","publisher":{"@id":"https:\/\/www.didatticagenzialighieri.it\/ca\/#organization"},"potentialAction":[{"@type":"SearchAction","target":{"@type":"EntryPoint","urlTemplate":"https:\/\/www.didatticagenzialighieri.it\/ca\/?s={search_term_string}"},"query-input":{"@type":"PropertyValueSpecification","valueRequired":true,"valueName":"search_term_string"}}],"inLanguage":"ca"},{"@type":"Organization","@id":"https:\/\/www.didatticagenzialighieri.it\/ca\/#organization","name":"Didattica Agenzia Alighieri","url":"https:\/\/www.didatticagenzialighieri.it\/ca\/","logo":{"@type":"ImageObject","inLanguage":"ca","@id":"https:\/\/www.didatticagenzialighieri.it\/ca\/#\/schema\/logo\/image\/","url":"https:\/\/www.didatticagenzialighieri.it\/wp-content\/uploads\/2025\/06\/Logo-Dante-Alighieri.png","contentUrl":"https:\/\/www.didatticagenzialighieri.it\/wp-content\/uploads\/2025\/06\/Logo-Dante-Alighieri.png","width":1772,"height":1127,"caption":"Didattica Agenzia Alighieri"},"image":{"@id":"https:\/\/www.didatticagenzialighieri.it\/ca\/#\/schema\/logo\/image\/"}}]}},"_links":{"self":[{"href":"https:\/\/www.didatticagenzialighieri.it\/ca\/wp-json\/wp\/v2\/pages\/4238","targetHints":{"allow":["GET"]}}],"collection":[{"href":"https:\/\/www.didatticagenzialighieri.it\/ca\/wp-json\/wp\/v2\/pages"}],"about":[{"href":"https:\/\/www.didatticagenzialighieri.it\/ca\/wp-json\/wp\/v2\/types\/page"}],"author":[{"embeddable":true,"href":"https:\/\/www.didatticagenzialighieri.it\/ca\/wp-json\/wp\/v2\/users\/3"}],"replies":[{"embeddable":true,"href":"https:\/\/www.didatticagenzialighieri.it\/ca\/wp-json\/wp\/v2\/comments?post=4238"}],"version-history":[{"count":6,"href":"https:\/\/www.didatticagenzialighieri.it\/ca\/wp-json\/wp\/v2\/pages\/4238\/revisions"}],"predecessor-version":[{"id":5834,"href":"https:\/\/www.didatticagenzialighieri.it\/ca\/wp-json\/wp\/v2\/pages\/4238\/revisions\/5834"}],"wp:attachment":[{"href":"https:\/\/www.didatticagenzialighieri.it\/ca\/wp-json\/wp\/v2\/media?parent=4238"}],"curies":[{"name":"wp","href":"https:\/\/api.w.org\/{rel}","templated":true}]}}